{"id":1883,"date":"2024-07-26T11:46:50","date_gmt":"2024-07-26T11:46:50","guid":{"rendered":"https:\/\/moonrivertours.com\/sobre-o-egito\/"},"modified":"2024-08-15T11:16:22","modified_gmt":"2024-08-15T11:16:22","slug":"sobre-o-egito","status":"publish","type":"page","link":"https:\/\/moonrivertours.com\/pt-pt\/sobre-o-egito\/","title":{"rendered":"Sobre o Egito"},"content":{"rendered":"\t\t<div data-elementor-type=\"wp-page\" data-elementor-id=\"1883\" class=\"elementor elementor-1883 elementor-1324\" data-elementor-post-type=\"page\">\n\t\t\t\t<div class=\"elementor-element elementor-element-3deec99 ms-inner-banner e-flex e-con-boxed e-con e-parent\" data-id=\"3deec99\" data-element_type=\"container\" data-settings=\"{&quot;background_background&quot;:&quot;classic&quot;}\">\n\t\t\t\t\t<div class=\"e-con-inner\">\n\t\t\t\t<div class=\"elementor-element elementor-element-e07d59b elementor-invisible elementor-widget elementor-widget-heading\" data-id=\"e07d59b\" data-element_type=\"widget\" data-settings=\"{&quot;_animation&quot;:&quot;fadeInUp&quot;}\" data-widget_type=\"heading.default\">\n\t\t\t\t<div class=\"elementor-widget-container\">\n\t\t\t<style>\/*! elementor - v3.23.0 - 05-08-2024 *\/\n.elementor-heading-title{padding:0;margin:0;line-height:1}.elementor-widget-heading .elementor-heading-title[class*=elementor-size-]>a{color:inherit;font-size:inherit;line-height:inherit}.elementor-widget-heading .elementor-heading-title.elementor-size-small{font-size:15px}.elementor-widget-heading .elementor-heading-title.elementor-size-medium{font-size:19px}.elementor-widget-heading .elementor-heading-title.elementor-size-large{font-size:29px}.elementor-widget-heading .elementor-heading-title.elementor-size-xl{font-size:39px}.elementor-widget-heading .elementor-heading-title.elementor-size-xxl{font-size:59px}<\/style><h1 class=\"elementor-heading-title elementor-size-default\">Sobre o Egito<\/h1>\t\t<\/div>\n\t\t\t\t<\/div>\n\t\t\t\t\t<\/div>\n\t\t\t\t<\/div>\n\t\t<div class=\"elementor-element elementor-element-47ef791 e-flex e-con-boxed e-con e-parent\" data-id=\"47ef791\" data-element_type=\"container\">\n\t\t\t\t\t<div class=\"e-con-inner\">\n\t\t\t\t<div class=\"elementor-element elementor-element-da05986 elementor-invisible elementor-widget elementor-widget-heading\" data-id=\"da05986\" data-element_type=\"widget\" data-settings=\"{&quot;_animation&quot;:&quot;fadeInUp&quot;}\" data-widget_type=\"heading.default\">\n\t\t\t\t<div class=\"elementor-widget-container\">\n\t\t\t<h4 class=\"elementor-heading-title elementor-size-default\">Dia inteiro de visitas \u00e0 cidadela de Saladino e ao bairro copta <\/h4>\t\t<\/div>\n\t\t\t\t<\/div>\n\t\t\t\t<div class=\"elementor-element elementor-element-2ae968f elementor-invisible elementor-widget elementor-widget-text-editor\" data-id=\"2ae968f\" data-element_type=\"widget\" data-settings=\"{&quot;_animation&quot;:&quot;fadeInUp&quot;}\" data-widget_type=\"text-editor.default\">\n\t\t\t\t<div class=\"elementor-widget-container\">\n\t\t\t<style>\/*! elementor - v3.23.0 - 05-08-2024 *\/\n.elementor-widget-text-editor.elementor-drop-cap-view-stacked .elementor-drop-cap{background-color:#69727d;color:#fff}.elementor-widget-text-editor.elementor-drop-cap-view-framed .elementor-drop-cap{color:#69727d;border:3px solid;background-color:transparent}.elementor-widget-text-editor:not(.elementor-drop-cap-view-default) .elementor-drop-cap{margin-top:8px}.elementor-widget-text-editor:not(.elementor-drop-cap-view-default) .elementor-drop-cap-letter{width:1em;height:1em}.elementor-widget-text-editor .elementor-drop-cap{float:left;text-align:center;line-height:1;font-size:50px}.elementor-widget-text-editor .elementor-drop-cap-letter{display:inline-block}<\/style>\t\t\t\tVisita \u00e0 Cidadela de Saladino, constru\u00edda por Salah El Din nas alturas do Monte Mokattam em 1138 DC aos defensores do Cairo das Cruzadas. Visita \u00e0 Mesquita de Alabastro de Muhammad Ali, projetada pelo arquiteto Yousif Boushnaq, um turco que veio de Istambul para construir esta mesquita para o rei Muhammad Ali, que governou o Egito durante mais de 45 anos (1805-1849).<br>Visita \u00e0 zona do Cairo Antigo que re\u00fane a Igreja Suspensa, a Igreja de Santa B\u00e1rbara, a Igreja de Abu Serga e a Sinagoga de Ben Ezra. Visita ao Bazar de Khan El Khalili, um dos famosos e antigos bazares do M\u00e9dio Oriente. De volta ao hotel.     \t\t\t\t\t\t<\/div>\n\t\t\t\t<\/div>\n\t\t\t\t<div class=\"elementor-element elementor-element-abcee6e elementor-invisible elementor-widget elementor-widget-heading\" data-id=\"abcee6e\" data-element_type=\"widget\" data-settings=\"{&quot;_animation&quot;:&quot;fadeInUp&quot;}\" data-widget_type=\"heading.default\">\n\t\t\t\t<div class=\"elementor-widget-container\">\n\t\t\t<h4 class=\"elementor-heading-title elementor-size-default\">Meio dia de visitas a Menfis e Sakkara <\/h4>\t\t<\/div>\n\t\t\t\t<\/div>\n\t\t\t\t<div class=\"elementor-element elementor-element-7b32bfa elementor-invisible elementor-widget elementor-widget-text-editor\" data-id=\"7b32bfa\" data-element_type=\"widget\" data-settings=\"{&quot;_animation&quot;:&quot;fadeInUp&quot;}\" data-widget_type=\"text-editor.default\">\n\t\t\t\t<div class=\"elementor-widget-container\">\n\t\t\t\t\t\t\t Visite a primeira capital do Egito durante o Imp\u00e9rio Antigo, Memphis, fundada pelo rei Men\u00e9s, onde voc\u00ea poder\u00e1 ver a est\u00e1tua de Rams\u00e9s II. A viagem tamb\u00e9m inclui uma visita \u00e0 Pir\u00e2mide Degrau de Zoser, constru\u00edda na Terceira Dinastia pelo Rei Zoser.  \t\t\t\t\t\t<\/div>\n\t\t\t\t<\/div>\n\t\t\t\t<div class=\"elementor-element elementor-element-3b8ffa0 elementor-invisible elementor-widget elementor-widget-heading\" data-id=\"3b8ffa0\" data-element_type=\"widget\" data-settings=\"{&quot;_animation&quot;:&quot;fadeInUp&quot;}\" data-widget_type=\"heading.default\">\n\t\t\t\t<div class=\"elementor-widget-container\">\n\t\t\t<h4 class=\"elementor-heading-title elementor-size-default\">Cairo \u00c0 Noite <\/h4>\t\t<\/div>\n\t\t\t\t<\/div>\n\t\t\t\t<div class=\"elementor-element elementor-element-0fc8d86 elementor-invisible elementor-widget elementor-widget-text-editor\" data-id=\"0fc8d86\" data-element_type=\"widget\" data-settings=\"{&quot;_animation&quot;:&quot;fadeInUp&quot;}\" data-widget_type=\"text-editor.default\">\n\t\t\t\t<div class=\"elementor-widget-container\">\n\t\t\t\t\t\t\t Servi\u00e7o de busca em seu hotel no Cairo em nosso ve\u00edculo particular com ar-condicionado para um passeio noturno pela cidade do Cairo. Visita \u00e0 torre do Cairo, sua altura chega a 185 metros e \u00e9 constru\u00edda em forma de tubo e decorada com \u00e1rabe at\u00e9 chegar ao topo que se abre como uma flor de l\u00f3tus e voc\u00ea pode ver toda a cidade e tirar fotos inesquec\u00edveis, ent\u00e3o transfer\u00eancia para o centro do Cairo.A pra\u00e7a Tahrir onde nasceu a revolu\u00e7\u00e3o branca de 25 de janeiro. Em seguida, visite o maior shopping do Cairo (cidade estrelas) onde lojas modernas e as \u00faltimas tend\u00eancias da moda, no final do passeio retorne ao seu hotel.   \t\t\t\t\t\t<\/div>\n\t\t\t\t<\/div>\n\t\t\t\t<div class=\"elementor-element elementor-element-c2c6c0b elementor-invisible elementor-widget elementor-widget-heading\" data-id=\"c2c6c0b\" data-element_type=\"widget\" data-settings=\"{&quot;_animation&quot;:&quot;fadeInUp&quot;}\" data-widget_type=\"heading.default\">\n\t\t\t\t<div class=\"elementor-widget-container\">\n\t\t\t<h4 class=\"elementor-heading-title elementor-size-default\">Luz E Som Nas Pir\u00e2mides <\/h4>\t\t<\/div>\n\t\t\t\t<\/div>\n\t\t\t\t<div class=\"elementor-element elementor-element-21b25b7 elementor-invisible elementor-widget elementor-widget-text-editor\" data-id=\"21b25b7\" data-element_type=\"widget\" data-settings=\"{&quot;_animation&quot;:&quot;fadeInUp&quot;}\" data-widget_type=\"text-editor.default\">\n\t\t\t\t<div class=\"elementor-widget-container\">\n\t\t\t\t\t\t\tO show de luz e som das grandes pir\u00e2mides acontece no planalto de Giz\u00e9, a cerca de 30 minutos do Cairo. O espet\u00e1culo dura uma hora e come\u00e7a com o acendimento da esfinge, que conta a hist\u00f3ria das pir\u00e2mides e de quem as construiu. Atrav\u00e9s de raios laser e proje\u00e7\u00f5es de luz nas paredes do Templo da Mumifica\u00e7\u00e3o, nas areias do deserto, nas paredes das pir\u00e2mides e na pr\u00f3pria Esfinge, um resumo da hist\u00f3ria do Egito se desenrola diante de seus olhos. A m\u00fasica de fundo complementa perfeitamente o ambiente, e a voz da Esfinge tem todo o drama e mist\u00e9rio que se pode esperar.    \t\t\t\t\t\t<\/div>\n\t\t\t\t<\/div>\n\t\t\t\t<div class=\"elementor-element elementor-element-14201a8 elementor-invisible elementor-widget elementor-widget-heading\" data-id=\"14201a8\" data-element_type=\"widget\" data-settings=\"{&quot;_animation&quot;:&quot;fadeInUp&quot;}\" data-widget_type=\"heading.default\">\n\t\t\t\t<div class=\"elementor-widget-container\">\n\t\t\t<h4 class=\"elementor-heading-title elementor-size-default\">Jantar no cruzeiro no Cairo <\/h4>\t\t<\/div>\n\t\t\t\t<\/div>\n\t\t\t\t<div class=\"elementor-element elementor-element-b59e448 elementor-invisible elementor-widget elementor-widget-text-editor\" data-id=\"b59e448\" data-element_type=\"widget\" data-settings=\"{&quot;_animation&quot;:&quot;fadeInUp&quot;}\" data-widget_type=\"text-editor.default\">\n\t\t\t\t<div class=\"elementor-widget-container\">\n\t\t\t\t\t\t\tRecolha em seu hotel no Cairo pelo nosso representante de l\u00edngua espanhola para jantar a bordo de um cruzeiro no Rio Nilo, desfrutando de uma noite no Nilo enquanto estiver no Cairo. Convidamos voc\u00ea a jantar a bordo do cruzeiro por duas horas navegando pelo Nilo com dan\u00e7a do ventre, show folcl\u00f3rico e m\u00fasica ocidental. Uma sele\u00e7\u00e3o de pratos eg\u00edpcios favoritos, feitos com os ingredientes mais frescos e preparados para uma experi\u00eancia gastron\u00f4mica inesquec\u00edvel. Transfer para o seu hotel.    \t\t\t\t\t\t<\/div>\n\t\t\t\t<\/div>\n\t\t\t\t\t<\/div>\n\t\t\t\t<\/div>\n\t\t\t\t<\/div>\n\t\t","protected":false},"excerpt":{"rendered":"<p>Sobre o Egito Dia inteiro de visitas \u00e0 cidadela de Saladino e ao bairro copta Visita \u00e0 Cidadela de Saladino, constru\u00edda por Salah El Din nas alturas do Monte Mokattam em 1138 DC aos defensores do Cairo das Cruzadas. Visita \u00e0 Mesquita de Alabastro de Muhammad Ali, projetada pelo arquiteto Yousif Boushnaq, um turco que [&hellip;]<\/p>\n","protected":false},"author":1,"featured_media":0,"parent":0,"menu_order":0,"comment_status":"closed","ping_status":"closed","template":"","meta":{"_acf_changed":false,"footnotes":""},"class_list":["post-1883","page","type-page","status-publish","hentry"],"acf":[],"_links":{"self":[{"href":"https:\/\/moonrivertours.com\/pt-pt\/wp-json\/wp\/v2\/pages\/1883","targetHints":{"allow":["GET"]}}],"collection":[{"href":"https:\/\/moonrivertours.com\/pt-pt\/wp-json\/wp\/v2\/pages"}],"about":[{"href":"https:\/\/moonrivertours.com\/pt-pt\/wp-json\/wp\/v2\/types\/page"}],"author":[{"embeddable":true,"href":"https:\/\/moonrivertours.com\/pt-pt\/wp-json\/wp\/v2\/users\/1"}],"replies":[{"embeddable":true,"href":"https:\/\/moonrivertours.com\/pt-pt\/wp-json\/wp\/v2\/comments?post=1883"}],"version-history":[{"count":3,"href":"https:\/\/moonrivertours.com\/pt-pt\/wp-json\/wp\/v2\/pages\/1883\/revisions"}],"predecessor-version":[{"id":2005,"href":"https:\/\/moonrivertours.com\/pt-pt\/wp-json\/wp\/v2\/pages\/1883\/revisions\/2005"}],"wp:attachment":[{"href":"https:\/\/moonrivertours.com\/pt-pt\/wp-json\/wp\/v2\/media?parent=1883"}],"curies":[{"name":"wp","href":"https:\/\/api.w.org\/{rel}","templated":true}]}}