{"id":1885,"date":"2024-07-26T11:46:50","date_gmt":"2024-07-26T11:46:50","guid":{"rendered":"https:\/\/moonrivertours.com\/sobre-egipto\/"},"modified":"2024-08-15T11:24:18","modified_gmt":"2024-08-15T11:24:18","slug":"sobre-egipto","status":"publish","type":"page","link":"https:\/\/moonrivertours.com\/es\/sobre-egipto\/","title":{"rendered":"Sobre Egipto"},"content":{"rendered":"\t\t<div data-elementor-type=\"wp-page\" data-elementor-id=\"1885\" class=\"elementor elementor-1885 elementor-1324\" data-elementor-post-type=\"page\">\n\t\t\t\t<div class=\"elementor-element elementor-element-3deec99 ms-inner-banner e-flex e-con-boxed e-con e-parent\" data-id=\"3deec99\" data-element_type=\"container\" data-settings=\"{&quot;background_background&quot;:&quot;classic&quot;}\">\n\t\t\t\t\t<div class=\"e-con-inner\">\n\t\t\t\t<div class=\"elementor-element elementor-element-e07d59b elementor-invisible elementor-widget elementor-widget-heading\" data-id=\"e07d59b\" data-element_type=\"widget\" data-settings=\"{&quot;_animation&quot;:&quot;fadeInUp&quot;}\" data-widget_type=\"heading.default\">\n\t\t\t\t<div class=\"elementor-widget-container\">\n\t\t\t<style>\/*! elementor - v3.23.0 - 05-08-2024 *\/\n.elementor-heading-title{padding:0;margin:0;line-height:1}.elementor-widget-heading .elementor-heading-title[class*=elementor-size-]>a{color:inherit;font-size:inherit;line-height:inherit}.elementor-widget-heading .elementor-heading-title.elementor-size-small{font-size:15px}.elementor-widget-heading .elementor-heading-title.elementor-size-medium{font-size:19px}.elementor-widget-heading .elementor-heading-title.elementor-size-large{font-size:29px}.elementor-widget-heading .elementor-heading-title.elementor-size-xl{font-size:39px}.elementor-widget-heading .elementor-heading-title.elementor-size-xxl{font-size:59px}<\/style><h1 class=\"elementor-heading-title elementor-size-default\">Sobre Egipto<\/h1>\t\t<\/div>\n\t\t\t\t<\/div>\n\t\t\t\t\t<\/div>\n\t\t\t\t<\/div>\n\t\t<div class=\"elementor-element elementor-element-47ef791 e-flex e-con-boxed e-con e-parent\" data-id=\"47ef791\" data-element_type=\"container\">\n\t\t\t\t\t<div class=\"e-con-inner\">\n\t\t\t\t<div class=\"elementor-element elementor-element-da05986 elementor-invisible elementor-widget elementor-widget-heading\" data-id=\"da05986\" data-element_type=\"widget\" data-settings=\"{&quot;_animation&quot;:&quot;fadeInUp&quot;}\" data-widget_type=\"heading.default\">\n\t\t\t\t<div class=\"elementor-widget-container\">\n\t\t\t<h4 class=\"elementor-heading-title elementor-size-default\">Visitas de d\u00eda completo a la ciudadela de Saladino y al barrio copto <\/h4>\t\t<\/div>\n\t\t\t\t<\/div>\n\t\t\t\t<div class=\"elementor-element elementor-element-2ae968f elementor-invisible elementor-widget elementor-widget-text-editor\" data-id=\"2ae968f\" data-element_type=\"widget\" data-settings=\"{&quot;_animation&quot;:&quot;fadeInUp&quot;}\" data-widget_type=\"text-editor.default\">\n\t\t\t\t<div class=\"elementor-widget-container\">\n\t\t\t<style>\/*! elementor - v3.23.0 - 05-08-2024 *\/\n.elementor-widget-text-editor.elementor-drop-cap-view-stacked .elementor-drop-cap{background-color:#69727d;color:#fff}.elementor-widget-text-editor.elementor-drop-cap-view-framed .elementor-drop-cap{color:#69727d;border:3px solid;background-color:transparent}.elementor-widget-text-editor:not(.elementor-drop-cap-view-default) .elementor-drop-cap{margin-top:8px}.elementor-widget-text-editor:not(.elementor-drop-cap-view-default) .elementor-drop-cap-letter{width:1em;height:1em}.elementor-widget-text-editor .elementor-drop-cap{float:left;text-align:center;line-height:1;font-size:50px}.elementor-widget-text-editor .elementor-drop-cap-letter{display:inline-block}<\/style>\t\t\t\tVisita a la Ciudadela de Saladino, construida por Salah El Din en las alturas del monte Mokattam en el a\u00f1o 1138 d.C. para los defensores de El Cairo de las Cruzadas. Visita a la Mezquita de Alabastro de Muhammad Ali, dise\u00f1ada por el arquitecto Yousif Boushnaq, un turco que vino de Estambul para construir esta mezquita para el rey Muhammad Ali, quien gobern\u00f3 Egipto durante m\u00e1s de 45 a\u00f1os (1805-1849). Visita a la zona del Cairo Viejo que incluye la Iglesia Colgante, la Iglesia de Santa B\u00e1rbara, la Iglesia de Abu Serga y la Sinagoga Ben Ezra. Visita al Bazar Khan El Khalili, uno de los bazares m\u00e1s famosos y antiguos del Medio Oriente. Regreso al hotel. \t\t\t\t\t\t<\/div>\n\t\t\t\t<\/div>\n\t\t\t\t<div class=\"elementor-element elementor-element-abcee6e elementor-invisible elementor-widget elementor-widget-heading\" data-id=\"abcee6e\" data-element_type=\"widget\" data-settings=\"{&quot;_animation&quot;:&quot;fadeInUp&quot;}\" data-widget_type=\"heading.default\">\n\t\t\t\t<div class=\"elementor-widget-container\">\n\t\t\t<h4 class=\"elementor-heading-title elementor-size-default\">Visitas de medio d\u00eda a Memphis y Sakkara <\/h4>\t\t<\/div>\n\t\t\t\t<\/div>\n\t\t\t\t<div class=\"elementor-element elementor-element-7b32bfa elementor-invisible elementor-widget elementor-widget-text-editor\" data-id=\"7b32bfa\" data-element_type=\"widget\" data-settings=\"{&quot;_animation&quot;:&quot;fadeInUp&quot;}\" data-widget_type=\"text-editor.default\">\n\t\t\t\t<div class=\"elementor-widget-container\">\n\t\t\t\t\t\t\t Visita la primera capital de Egipto durante el Reino Antiguo, Menfis, fundada por el rey Menes, donde podr\u00e1s ver la estatua de Rams\u00e9s II. El viaje tambi\u00e9n incluye una visita a la pir\u00e1mide escalonada de Zoser, construida en la Tercera Dinast\u00eda por el rey Zoser. \t\t\t\t\t\t<\/div>\n\t\t\t\t<\/div>\n\t\t\t\t<div class=\"elementor-element elementor-element-3b8ffa0 elementor-invisible elementor-widget elementor-widget-heading\" data-id=\"3b8ffa0\" data-element_type=\"widget\" data-settings=\"{&quot;_animation&quot;:&quot;fadeInUp&quot;}\" data-widget_type=\"heading.default\">\n\t\t\t\t<div class=\"elementor-widget-container\">\n\t\t\t<h4 class=\"elementor-heading-title elementor-size-default\">El Cairo De Noche <\/h4>\t\t<\/div>\n\t\t\t\t<\/div>\n\t\t\t\t<div class=\"elementor-element elementor-element-0fc8d86 elementor-invisible elementor-widget elementor-widget-text-editor\" data-id=\"0fc8d86\" data-element_type=\"widget\" data-settings=\"{&quot;_animation&quot;:&quot;fadeInUp&quot;}\" data-widget_type=\"text-editor.default\">\n\t\t\t\t<div class=\"elementor-widget-container\">\n\t\t\t\t\t\t\t Recogida en su hotel en El Cairo en nuestro veh\u00edculo privado con aire acondicionado para un recorrido nocturno por la ciudad de El Cairo. Visita a la torre de El Cairo, su altura alcanza los 185 metros y est\u00e1 construida en forma de tubo y decorada en \u00e1rabe hasta llegar a la cima la cual se abre como una flor de loto y se puede ver toda la ciudad y tomar fotos inolvidables, luego traslado a el centro de la plaza Tahrir donde naci\u00f3 la revoluci\u00f3n blanca del 25 de enero. Luego visite el centro comercial m\u00e1s grande de El Cairo (ciudad estrella) donde hay tiendas modernas y las \u00faltimas tendencias de moda, al finalizar el recorrido regresar\u00e1 a su hotel. \t\t\t\t\t\t<\/div>\n\t\t\t\t<\/div>\n\t\t\t\t<div class=\"elementor-element elementor-element-c2c6c0b elementor-invisible elementor-widget elementor-widget-heading\" data-id=\"c2c6c0b\" data-element_type=\"widget\" data-settings=\"{&quot;_animation&quot;:&quot;fadeInUp&quot;}\" data-widget_type=\"heading.default\">\n\t\t\t\t<div class=\"elementor-widget-container\">\n\t\t\t<h4 class=\"elementor-heading-title elementor-size-default\">Luz Y Sonido En Las Pir\u00e1mides <\/h4>\t\t<\/div>\n\t\t\t\t<\/div>\n\t\t\t\t<div class=\"elementor-element elementor-element-21b25b7 elementor-invisible elementor-widget elementor-widget-text-editor\" data-id=\"21b25b7\" data-element_type=\"widget\" data-settings=\"{&quot;_animation&quot;:&quot;fadeInUp&quot;}\" data-widget_type=\"text-editor.default\">\n\t\t\t\t<div class=\"elementor-widget-container\">\n\t\t\t\t\t\t\tEl espect\u00e1culo de luz y sonido de las Grandes Pir\u00e1mides tiene lugar en la meseta de Giza, a unos 30 minutos de El Cairo. El espect\u00e1culo dura una hora y comienza con el encendido de la esfinge, que cuenta la historia de las pir\u00e1mides y qui\u00e9n las construy\u00f3. A trav\u00e9s de rayos l\u00e1ser y proyecciones de luz sobre las paredes del Templo de la Momificaci\u00f3n, las arenas del desierto, los muros de las pir\u00e1mides y la propia Esfinge, se despliega ante tus ojos un resumen de la historia de Egipto. La m\u00fasica de fondo complementa perfectamente el ambiente y la voz de la Esfinge tiene todo el drama y misterio que podr\u00edas esperar. \t\t\t\t\t\t<\/div>\n\t\t\t\t<\/div>\n\t\t\t\t<div class=\"elementor-element elementor-element-14201a8 elementor-invisible elementor-widget elementor-widget-heading\" data-id=\"14201a8\" data-element_type=\"widget\" data-settings=\"{&quot;_animation&quot;:&quot;fadeInUp&quot;}\" data-widget_type=\"heading.default\">\n\t\t\t\t<div class=\"elementor-widget-container\">\n\t\t\t<h4 class=\"elementor-heading-title elementor-size-default\">Cena crucero en El Cairo <\/h4>\t\t<\/div>\n\t\t\t\t<\/div>\n\t\t\t\t<div class=\"elementor-element elementor-element-b59e448 elementor-invisible elementor-widget elementor-widget-text-editor\" data-id=\"b59e448\" data-element_type=\"widget\" data-settings=\"{&quot;_animation&quot;:&quot;fadeInUp&quot;}\" data-widget_type=\"text-editor.default\">\n\t\t\t\t<div class=\"elementor-widget-container\">\n\t\t\t\t\t\t\tNuestro representante de habla hispana lo recoger\u00e1 de su hotel en El Cairo para cenar a bordo de un crucero por el r\u00edo Nilo y disfrutar de una velada en el Nilo mientras se encuentra en El Cairo. Te invitamos a cenar a bordo del crucero durante dos horas navegando por el Nilo con danza del vientre, espect\u00e1culo folcl\u00f3rico y m\u00fasica occidental. Una selecci\u00f3n de platos egipcios favoritos, elaborados con los ingredientes m\u00e1s frescos y preparados para una experiencia gastron\u00f3mica inolvidable. Traslado a su hotel. \t\t\t\t\t\t<\/div>\n\t\t\t\t<\/div>\n\t\t\t\t\t<\/div>\n\t\t\t\t<\/div>\n\t\t\t\t<\/div>\n\t\t","protected":false},"excerpt":{"rendered":"<p>Sobre Egipto Visitas de d\u00eda completo a la ciudadela de Saladino y al barrio copto Visita a la Ciudadela de Saladino, construida por Salah El Din en las alturas del monte Mokattam en el a\u00f1o 1138 d.C. para los defensores de El Cairo de las Cruzadas. Visita a la Mezquita de Alabastro de Muhammad Ali, [&hellip;]<\/p>\n","protected":false},"author":1,"featured_media":0,"parent":0,"menu_order":0,"comment_status":"closed","ping_status":"closed","template":"","meta":{"_acf_changed":false,"footnotes":""},"class_list":["post-1885","page","type-page","status-publish","hentry"],"acf":[],"_links":{"self":[{"href":"https:\/\/moonrivertours.com\/es\/wp-json\/wp\/v2\/pages\/1885","targetHints":{"allow":["GET"]}}],"collection":[{"href":"https:\/\/moonrivertours.com\/es\/wp-json\/wp\/v2\/pages"}],"about":[{"href":"https:\/\/moonrivertours.com\/es\/wp-json\/wp\/v2\/types\/page"}],"author":[{"embeddable":true,"href":"https:\/\/moonrivertours.com\/es\/wp-json\/wp\/v2\/users\/1"}],"replies":[{"embeddable":true,"href":"https:\/\/moonrivertours.com\/es\/wp-json\/wp\/v2\/comments?post=1885"}],"version-history":[{"count":3,"href":"https:\/\/moonrivertours.com\/es\/wp-json\/wp\/v2\/pages\/1885\/revisions"}],"predecessor-version":[{"id":2007,"href":"https:\/\/moonrivertours.com\/es\/wp-json\/wp\/v2\/pages\/1885\/revisions\/2007"}],"wp:attachment":[{"href":"https:\/\/moonrivertours.com\/es\/wp-json\/wp\/v2\/media?parent=1885"}],"curies":[{"name":"wp","href":"https:\/\/api.w.org\/{rel}","templated":true}]}}